{"id":7,"date":"2024-08-28T12:04:38","date_gmt":"2024-08-28T10:04:38","guid":{"rendered":"https:\/\/www.sydhavsfarmen.dk\/?page_id=7"},"modified":"2024-08-28T12:04:38","modified_gmt":"2024-08-28T10:04:38","slug":"sydhavsfarmen","status":"publish","type":"page","link":"https:\/\/www.sydhavsfarmen.dk\/","title":{"rendered":"Sydhavsfarmen"},"content":{"rendered":"<p>Beliggende med udsigt mod sydhavs\u00f8rerne. Og lang\u00f8.<\/p><p>vores lille landsted er vores lille afslapning sted med 14 f\u00e5r og et par tusinde bier.<\/p><p>Vores vinmark er ogs\u00e5 ved at tage form<\/p>","protected":false},"excerpt":{"rendered":"<p>Beliggende med udsigt mod sydhavs\u00f8rerne. Og lang\u00f8. vores lille landsted er vores lille afslapning sted med 14 f\u00e5r og et par tusinde bier. Vores vinmark er ogs\u00e5 ved at tage form<\/p>\n","protected":false},"author":1,"featured_media":0,"parent":0,"menu_order":0,"comment_status":"closed","ping_status":"closed","template":"","meta":{"footnotes":""},"class_list":["post-7","page","type-page","status-publish","hentry"],"_links":{"self":[{"href":"https:\/\/www.sydhavsfarmen.dk\/index.php\/wp-json\/wp\/v2\/pages\/7","targetHints":{"allow":["GET"]}}],"collection":[{"href":"https:\/\/www.sydhavsfarmen.dk\/index.php\/wp-json\/wp\/v2\/pages"}],"about":[{"href":"https:\/\/www.sydhavsfarmen.dk\/index.php\/wp-json\/wp\/v2\/types\/page"}],"author":[{"embeddable":true,"href":"https:\/\/www.sydhavsfarmen.dk\/index.php\/wp-json\/wp\/v2\/users\/1"}],"replies":[{"embeddable":true,"href":"https:\/\/www.sydhavsfarmen.dk\/index.php\/wp-json\/wp\/v2\/comments?post=7"}],"version-history":[{"count":1,"href":"https:\/\/www.sydhavsfarmen.dk\/index.php\/wp-json\/wp\/v2\/pages\/7\/revisions"}],"predecessor-version":[{"id":8,"href":"https:\/\/www.sydhavsfarmen.dk\/index.php\/wp-json\/wp\/v2\/pages\/7\/revisions\/8"}],"wp:attachment":[{"href":"https:\/\/www.sydhavsfarmen.dk\/index.php\/wp-json\/wp\/v2\/media?parent=7"}],"curies":[{"name":"wp","href":"https:\/\/api.w.org\/{rel}","templated":true}]}}