{"id":30,"date":"2024-08-28T23:14:43","date_gmt":"2024-08-28T21:14:43","guid":{"rendered":"https:\/\/www.sydhavsfarmen.dk\/?post_type=product&#038;p=30"},"modified":"2024-08-28T23:17:23","modified_gmt":"2024-08-28T21:17:23","slug":"sommer-honning-fra-kalvehave","status":"publish","type":"product","link":"https:\/\/www.sydhavsfarmen.dk\/index.php\/vare\/sommer-honning-fra-kalvehave\/","title":{"rendered":"Sommer Honning fra Kalvehave"},"content":{"rendered":"<p>Vores bier st\u00e5r i Kalvehave og Viemose<br \/>\nDe henter den s\u00f8de og bl\u00f8de honning fra sommerens blomster i den sidste uge af juni og de f\u00f8rste 2 uger af juli<\/p>\n<p>Vi slynger alt honning kort efter og r\u00f8rer det de sm\u00e5 sukkerkrystaller bliver r\u00f8rt til helt sm\u00e5 stykker.<br \/>\nVi fylder p\u00e5 spande til opbevaring og fylder p\u00e5 glas efter behov. Det sikre en altid l\u00e6gger sensommer honning.<\/p>\n<p>Honningen kan med fordel st\u00e5 lidt lunt et d\u00f8gns tid inden den skal bruges.<br \/>\nHonning beh\u00f8ver ikke at st\u00e5 p\u00e5 k\u00f8l, da sukker indholdet giver det en meget lang holdbarhed<\/p>\n<p>&nbsp;<\/p>\n<p>oplever man at en honning skifter smag, er det pga. vandindholdet i honningen der er for h\u00f8jt.<br \/>\nDette kan g\u00f8re at en g\u00e6rings proces g\u00e5r i gang i honningen. S\u00e5 kan man brygge mj\u00f8d p\u00e5 honningen.<br \/>\nBrug ca. 200g honning, 0,5 liter vand og et stykke husholdnings film s\u00e6ttes luftt\u00e6t \/ fast p\u00e5 glasset.<br \/>\nHerefter tages en n\u00e5l og prik et s\u00e5 lille hul som muligt i husholdnings filmen. og lad det st\u00e5 og g\u00e6re.<br \/>\nEfter 3 &#8211; 4 uger burde der v\u00e6re en drikbar mj\u00f8d.<br \/>\nVandet kan eventuelt tils\u00e6ttes lidt saft fra kogte frugter.<\/p>\n","protected":false},"excerpt":{"rendered":"<p>Sommer honning &#8211; L\u00e6kkert til Te og morgen bordet<\/p>\n","protected":false},"featured_media":15,"comment_status":"open","ping_status":"closed","template":"","meta":[],"product_brand":[],"product_cat":[16],"product_tag":[17,19,21,18],"class_list":{"0":"post-30","1":"product","2":"type-product","3":"status-publish","4":"has-post-thumbnail","6":"product_cat-mad-og-drikke","7":"product_tag-honning","8":"product_tag-mogenbord","9":"product_tag-sommer","10":"product_tag-te","12":"first","13":"outofstock","14":"sale","15":"taxable","16":"shipping-taxable","17":"purchasable","18":"product-type-simple","19":"add-to-wishlist-after_add_to_cart"},"_links":{"self":[{"href":"https:\/\/www.sydhavsfarmen.dk\/index.php\/wp-json\/wp\/v2\/product\/30","targetHints":{"allow":["GET"]}}],"collection":[{"href":"https:\/\/www.sydhavsfarmen.dk\/index.php\/wp-json\/wp\/v2\/product"}],"about":[{"href":"https:\/\/www.sydhavsfarmen.dk\/index.php\/wp-json\/wp\/v2\/types\/product"}],"replies":[{"embeddable":true,"href":"https:\/\/www.sydhavsfarmen.dk\/index.php\/wp-json\/wp\/v2\/comments?post=30"}],"wp:featuredmedia":[{"embeddable":true,"href":"https:\/\/www.sydhavsfarmen.dk\/index.php\/wp-json\/wp\/v2\/media\/15"}],"wp:attachment":[{"href":"https:\/\/www.sydhavsfarmen.dk\/index.php\/wp-json\/wp\/v2\/media?parent=30"}],"wp:term":[{"taxonomy":"product_brand","embeddable":true,"href":"https:\/\/www.sydhavsfarmen.dk\/index.php\/wp-json\/wp\/v2\/product_brand?post=30"},{"taxonomy":"product_cat","embeddable":true,"href":"https:\/\/www.sydhavsfarmen.dk\/index.php\/wp-json\/wp\/v2\/product_cat?post=30"},{"taxonomy":"product_tag","embeddable":true,"href":"https:\/\/www.sydhavsfarmen.dk\/index.php\/wp-json\/wp\/v2\/product_tag?post=30"}],"curies":[{"name":"wp","href":"https:\/\/api.w.org\/{rel}","templated":true}]}}